{"id":2424,"date":"2022-02-26T14:52:48","date_gmt":"2022-02-26T13:52:48","guid":{"rendered":"https:\/\/www.coaching-lounge-wien.at\/coaching-lounge-wien\/?page_id=2424"},"modified":"2022-02-26T14:52:48","modified_gmt":"2022-02-26T13:52:48","slug":"newsletter","status":"publish","type":"page","link":"https:\/\/www.coaching-lounge-wien.at\/coaching-lounge-wien\/newsletter\/","title":{"rendered":"Newsletter"},"content":{"rendered":"<p>Melde Dich f\u00fcr meine Newsletter an. Ich freue mich auf Dich!<br \/>\n<div class=\"wpforms-container wpforms-container-full\" id=\"wpforms-2422\"><form id=\"wpforms-form-2422\" class=\"wpforms-validate wpforms-form wpforms-ajax-form\" data-formid=\"2422\" method=\"post\" enctype=\"multipart\/form-data\" action=\"\/coaching-lounge-wien\/wp-json\/wp\/v2\/pages\/2424\" data-token=\"3f3ee69f283f25bba5722396b386df48\"><noscript class=\"wpforms-error-noscript\">Bitte aktiviere JavaScript in deinem Browser, um dieses Formular fertigzustellen.<\/noscript><div class=\"wpforms-field-container\"><div id=\"wpforms-2422-field_1-container\" class=\"wpforms-field wpforms-field-name\" data-field-id=\"1\"><label class=\"wpforms-field-label\" for=\"wpforms-2422-field_1\">Name <span class=\"wpforms-required-label\">*<\/span><\/label><input type=\"text\" id=\"wpforms-2422-field_1\" class=\"wpforms-field-medium wpforms-field-required\" name=\"wpforms[fields][1]\" required><\/div><div id=\"wpforms-2422-field_2-container\" class=\"wpforms-field wpforms-field-email\" data-field-id=\"2\"><label class=\"wpforms-field-label\" for=\"wpforms-2422-field_2\">Email <span class=\"wpforms-required-label\">*<\/span><\/label><input type=\"email\" id=\"wpforms-2422-field_2\" class=\"wpforms-field-medium wpforms-field-required\" name=\"wpforms[fields][2]\" required><\/div><div id=\"wpforms-2422-field_3-container\" class=\"wpforms-field wpforms-field-checkbox\" data-field-id=\"3\"><label class=\"wpforms-field-label\" for=\"wpforms-2422-field_3\">Checkboxen <span class=\"wpforms-required-label\">*<\/span><\/label><ul id=\"wpforms-2422-field_3\" class=\"wpforms-field-required\"><li class=\"choice-1 depth-1\"><input type=\"checkbox\" id=\"wpforms-2422-field_3_1\" name=\"wpforms[fields][3][]\" value=\"Hiermit bestelle ich den Newsletter und erkl\u00e4re, dass ich mit der Speicherung und Verarbeitung meiner Daten gem\u00e4\u00df der Datenschutzrichtlinie dieser WebSeite einverstanden bin.\" required ><label class=\"wpforms-field-label-inline\" for=\"wpforms-2422-field_3_1\">Hiermit bestelle ich den Newsletter und erkl\u00e4re, dass ich mit der Speicherung und Verarbeitung meiner Daten gem\u00e4\u00df der Datenschutzrichtlinie dieser WebSeite einverstanden bin.<\/label><\/li><\/ul><\/div><\/div><div class=\"wpforms-submit-container\"><input type=\"hidden\" name=\"wpforms[id]\" value=\"2422\"><input type=\"hidden\" name=\"wpforms[author]\" value=\"3\"><button type=\"submit\" name=\"wpforms[submit]\" id=\"wpforms-submit-2422\" class=\"wpforms-submit\" data-alt-text=\"Sendet...\" data-submit-text=\"Absenden\" aria-live=\"assertive\" value=\"wpforms-submit\">Absenden<\/button><img src=\"https:\/\/www.coaching-lounge-wien.at\/wp-content\/plugins\/wpforms-lite\/assets\/images\/submit-spin.svg\" class=\"wpforms-submit-spinner\" style=\"display: none;\" width=\"26\" height=\"26\" alt=\"Wird geladen\"><\/div><\/form><\/div>  <!-- .wpforms-container --><\/p>\n","protected":false},"excerpt":{"rendered":"<p>Melde Dich f\u00fcr meine Newsletter an. Ich freue mich auf Dich!<\/p>\n","protected":false},"author":3,"featured_media":0,"parent":0,"menu_order":0,"comment_status":"closed","ping_status":"closed","template":"","meta":[],"yoast_head":"<!-- This site is optimized with the Yoast SEO plugin v20.1 - https:\/\/yoast.com\/wordpress\/plugins\/seo\/ -->\n<title>Newsletter - Coaching Lounge Wien<\/title>\n<meta name=\"robots\" content=\"index, follow, max-snippet:-1, max-image-preview:large, max-video-preview:-1\" \/>\n<link rel=\"canonical\" href=\"https:\/\/www.coaching-lounge-wien.at\/coaching-lounge-wien\/newsletter\/\" \/>\n<meta name=\"twitter:label1\" content=\"Gesch\u00e4tzte Lesezeit\" \/>\n\t<meta name=\"twitter:data1\" content=\"1\u00a0Minute\" \/>\n<script type=\"application\/ld+json\" class=\"yoast-schema-graph\">{\"@context\":\"https:\/\/schema.org\",\"@graph\":[{\"@type\":\"WebPage\",\"@id\":\"https:\/\/www.coaching-lounge-wien.at\/coaching-lounge-wien\/newsletter\/\",\"url\":\"https:\/\/www.coaching-lounge-wien.at\/coaching-lounge-wien\/newsletter\/\",\"name\":\"Newsletter - Coaching Lounge Wien\",\"isPartOf\":{\"@id\":\"https:\/\/www.coaching-lounge-wien.at\/coaching-lounge-wien\/#website\"},\"datePublished\":\"2022-02-26T13:52:48+00:00\",\"dateModified\":\"2022-02-26T13:52:48+00:00\",\"breadcrumb\":{\"@id\":\"https:\/\/www.coaching-lounge-wien.at\/coaching-lounge-wien\/newsletter\/#breadcrumb\"},\"inLanguage\":\"de\",\"potentialAction\":[{\"@type\":\"ReadAction\",\"target\":[\"https:\/\/www.coaching-lounge-wien.at\/coaching-lounge-wien\/newsletter\/\"]}]},{\"@type\":\"BreadcrumbList\",\"@id\":\"https:\/\/www.coaching-lounge-wien.at\/coaching-lounge-wien\/newsletter\/#breadcrumb\",\"itemListElement\":[{\"@type\":\"ListItem\",\"position\":1,\"name\":\"Home\",\"item\":\"https:\/\/www.coaching-lounge-wien.at\/coaching-lounge-wien\/\"},{\"@type\":\"ListItem\",\"position\":2,\"name\":\"Newsletter\"}]},{\"@type\":\"WebSite\",\"@id\":\"https:\/\/www.coaching-lounge-wien.at\/coaching-lounge-wien\/#website\",\"url\":\"https:\/\/www.coaching-lounge-wien.at\/coaching-lounge-wien\/\",\"name\":\"Coaching Lounge Wien\",\"description\":\"Gerlinde E.: Systemisches Coaching &amp; Sexualberatung Wien\",\"publisher\":{\"@id\":\"https:\/\/www.coaching-lounge-wien.at\/coaching-lounge-wien\/#\/schema\/person\/0dfa748ffcfe156a881eab57ba499e16\"},\"potentialAction\":[{\"@type\":\"SearchAction\",\"target\":{\"@type\":\"EntryPoint\",\"urlTemplate\":\"https:\/\/www.coaching-lounge-wien.at\/coaching-lounge-wien\/?s={search_term_string}\"},\"query-input\":\"required name=search_term_string\"}],\"inLanguage\":\"de\"},{\"@type\":[\"Person\",\"Organization\"],\"@id\":\"https:\/\/www.coaching-lounge-wien.at\/coaching-lounge-wien\/#\/schema\/person\/0dfa748ffcfe156a881eab57ba499e16\",\"name\":\"Coaching Lounge Wien\",\"image\":{\"@type\":\"ImageObject\",\"inLanguage\":\"de\",\"@id\":\"https:\/\/www.coaching-lounge-wien.at\/coaching-lounge-wien\/#\/schema\/person\/image\/\",\"url\":\"https:\/\/www.coaching-lounge-wien.at\/wp-content\/uploads\/2021\/08\/Gerlinde-Logo_neu-gold.png\",\"contentUrl\":\"https:\/\/www.coaching-lounge-wien.at\/wp-content\/uploads\/2021\/08\/Gerlinde-Logo_neu-gold.png\",\"width\":350,\"height\":63,\"caption\":\"Coaching Lounge Wien\"},\"logo\":{\"@id\":\"https:\/\/www.coaching-lounge-wien.at\/coaching-lounge-wien\/#\/schema\/person\/image\/\"}}]}<\/script>\n<!-- \/ Yoast SEO plugin. -->","yoast_head_json":{"title":"Newsletter - Coaching Lounge Wien","robots":{"index":"index","follow":"follow","max-snippet":"max-snippet:-1","max-image-preview":"max-image-preview:large","max-video-preview":"max-video-preview:-1"},"canonical":"https:\/\/www.coaching-lounge-wien.at\/coaching-lounge-wien\/newsletter\/","twitter_misc":{"Gesch\u00e4tzte Lesezeit":"1\u00a0Minute"},"schema":{"@context":"https:\/\/schema.org","@graph":[{"@type":"WebPage","@id":"https:\/\/www.coaching-lounge-wien.at\/coaching-lounge-wien\/newsletter\/","url":"https:\/\/www.coaching-lounge-wien.at\/coaching-lounge-wien\/newsletter\/","name":"Newsletter - Coaching Lounge Wien","isPartOf":{"@id":"https:\/\/www.coaching-lounge-wien.at\/coaching-lounge-wien\/#website"},"datePublished":"2022-02-26T13:52:48+00:00","dateModified":"2022-02-26T13:52:48+00:00","breadcrumb":{"@id":"https:\/\/www.coaching-lounge-wien.at\/coaching-lounge-wien\/newsletter\/#breadcrumb"},"inLanguage":"de","potentialAction":[{"@type":"ReadAction","target":["https:\/\/www.coaching-lounge-wien.at\/coaching-lounge-wien\/newsletter\/"]}]},{"@type":"BreadcrumbList","@id":"https:\/\/www.coaching-lounge-wien.at\/coaching-lounge-wien\/newsletter\/#breadcrumb","itemListElement":[{"@type":"ListItem","position":1,"name":"Home","item":"https:\/\/www.coaching-lounge-wien.at\/coaching-lounge-wien\/"},{"@type":"ListItem","position":2,"name":"Newsletter"}]},{"@type":"WebSite","@id":"https:\/\/www.coaching-lounge-wien.at\/coaching-lounge-wien\/#website","url":"https:\/\/www.coaching-lounge-wien.at\/coaching-lounge-wien\/","name":"Coaching Lounge Wien","description":"Gerlinde E.: Systemisches Coaching &amp; Sexualberatung Wien","publisher":{"@id":"https:\/\/www.coaching-lounge-wien.at\/coaching-lounge-wien\/#\/schema\/person\/0dfa748ffcfe156a881eab57ba499e16"},"potentialAction":[{"@type":"SearchAction","target":{"@type":"EntryPoint","urlTemplate":"https:\/\/www.coaching-lounge-wien.at\/coaching-lounge-wien\/?s={search_term_string}"},"query-input":"required name=search_term_string"}],"inLanguage":"de"},{"@type":["Person","Organization"],"@id":"https:\/\/www.coaching-lounge-wien.at\/coaching-lounge-wien\/#\/schema\/person\/0dfa748ffcfe156a881eab57ba499e16","name":"Coaching Lounge Wien","image":{"@type":"ImageObject","inLanguage":"de","@id":"https:\/\/www.coaching-lounge-wien.at\/coaching-lounge-wien\/#\/schema\/person\/image\/","url":"https:\/\/www.coaching-lounge-wien.at\/wp-content\/uploads\/2021\/08\/Gerlinde-Logo_neu-gold.png","contentUrl":"https:\/\/www.coaching-lounge-wien.at\/wp-content\/uploads\/2021\/08\/Gerlinde-Logo_neu-gold.png","width":350,"height":63,"caption":"Coaching Lounge Wien"},"logo":{"@id":"https:\/\/www.coaching-lounge-wien.at\/coaching-lounge-wien\/#\/schema\/person\/image\/"}}]}},"_links":{"self":[{"href":"https:\/\/www.coaching-lounge-wien.at\/coaching-lounge-wien\/wp-json\/wp\/v2\/pages\/2424"}],"collection":[{"href":"https:\/\/www.coaching-lounge-wien.at\/coaching-lounge-wien\/wp-json\/wp\/v2\/pages"}],"about":[{"href":"https:\/\/www.coaching-lounge-wien.at\/coaching-lounge-wien\/wp-json\/wp\/v2\/types\/page"}],"author":[{"embeddable":true,"href":"https:\/\/www.coaching-lounge-wien.at\/coaching-lounge-wien\/wp-json\/wp\/v2\/users\/3"}],"replies":[{"embeddable":true,"href":"https:\/\/www.coaching-lounge-wien.at\/coaching-lounge-wien\/wp-json\/wp\/v2\/comments?post=2424"}],"version-history":[{"count":2,"href":"https:\/\/www.coaching-lounge-wien.at\/coaching-lounge-wien\/wp-json\/wp\/v2\/pages\/2424\/revisions"}],"predecessor-version":[{"id":2426,"href":"https:\/\/www.coaching-lounge-wien.at\/coaching-lounge-wien\/wp-json\/wp\/v2\/pages\/2424\/revisions\/2426"}],"wp:attachment":[{"href":"https:\/\/www.coaching-lounge-wien.at\/coaching-lounge-wien\/wp-json\/wp\/v2\/media?parent=2424"}],"curies":[{"name":"wp","href":"https:\/\/api.w.org\/{rel}","templated":true}]}}